{"id":133,"date":"2023-09-21T14:16:00","date_gmt":"2023-09-21T12:16:00","guid":{"rendered":"https:\/\/okrs.wien\/index.php\/okr-blog-videos-2\/"},"modified":"2024-04-10T14:37:45","modified_gmt":"2024-04-10T12:37:45","slug":"okr-methode","status":"publish","type":"page","link":"https:\/\/okrs.wien\/en\/okr-methode\/","title":{"rendered":"Was ist die OKR-Methode?"},"content":{"rendered":"<div data-elementor-type=\"wp-page\" data-elementor-id=\"133\" class=\"elementor elementor-133\" data-elementor-post-type=\"page\">\n\t\t\t\t\t\t<section class=\"elementor-section elementor-top-section elementor-element elementor-element-7145511c elementor-section-boxed elementor-section-height-default elementor-section-height-default\" data-id=\"7145511c\" data-element_type=\"section\" data-e-type=\"section\">\n\t\t\t\t\t\t<div class=\"elementor-container elementor-column-gap-default\">\n\t\t\t\t\t<div class=\"elementor-column elementor-col-100 elementor-top-column elementor-element elementor-element-4b0dfa3b\" data-id=\"4b0dfa3b\" data-element_type=\"column\" data-e-type=\"column\">\n\t\t\t<div class=\"elementor-widget-wrap elementor-element-populated\">\n\t\t\t\t\t\t<div class=\"elementor-element elementor-element-0cd9cc9 elementor-widget elementor-widget-image\" data-id=\"0cd9cc9\" data-element_type=\"widget\" data-e-type=\"widget\" data-widget_type=\"image.default\">\n\t\t\t\t<div class=\"elementor-widget-container\">\n\t\t\t\t\t\t\t\t\t\t\t\t\t\t\t<img fetchpriority=\"high\" decoding=\"async\" width=\"2000\" height=\"600\" src=\"https:\/\/okrs.wien\/wp-content\/uploads\/2024\/04\/Dein-Abschnittstext-1.png\" class=\"attachment-full size-full wp-image-430\" alt=\"\" srcset=\"https:\/\/okrs.wien\/wp-content\/uploads\/2024\/04\/Dein-Abschnittstext-1.png 2000w, https:\/\/okrs.wien\/wp-content\/uploads\/2024\/04\/Dein-Abschnittstext-1-300x90.png 300w, https:\/\/okrs.wien\/wp-content\/uploads\/2024\/04\/Dein-Abschnittstext-1-1024x307.png 1024w, https:\/\/okrs.wien\/wp-content\/uploads\/2024\/04\/Dein-Abschnittstext-1-768x230.png 768w, https:\/\/okrs.wien\/wp-content\/uploads\/2024\/04\/Dein-Abschnittstext-1-1536x461.png 1536w, https:\/\/okrs.wien\/wp-content\/uploads\/2024\/04\/Dein-Abschnittstext-1-18x5.png 18w\" sizes=\"(max-width: 2000px) 100vw, 2000px\" \/>\t\t\t\t\t\t\t\t\t\t\t\t\t\t\t<\/div>\n\t\t\t\t<\/div>\n\t\t\t\t<div class=\"elementor-element elementor-element-159a6eb elementor-widget elementor-widget-heading\" data-id=\"159a6eb\" data-element_type=\"widget\" data-e-type=\"widget\" data-widget_type=\"heading.default\">\n\t\t\t\t<div class=\"elementor-widget-container\">\n\t\t\t\t\t<h2 class=\"elementor-heading-title elementor-size-default\">Was ist die OKR-Methode? <\/h2>\t\t\t\t<\/div>\n\t\t\t\t<\/div>\n\t\t\t\t<div class=\"elementor-element elementor-element-2914d8eb elementor-widget elementor-widget-spacer\" data-id=\"2914d8eb\" data-element_type=\"widget\" data-e-type=\"widget\" data-widget_type=\"spacer.default\">\n\t\t\t\t<div class=\"elementor-widget-container\">\n\t\t\t\t\t\t\t<div class=\"elementor-spacer\">\n\t\t\t<div class=\"elementor-spacer-inner\"><\/div>\n\t\t<\/div>\n\t\t\t\t\t\t<\/div>\n\t\t\t\t<\/div>\n\t\t\t\t<div class=\"elementor-element elementor-element-2fc66a8 elementor-widget elementor-widget-text-editor\" data-id=\"2fc66a8\" data-element_type=\"widget\" data-e-type=\"widget\" data-widget_type=\"text-editor.default\">\n\t\t\t\t<div class=\"elementor-widget-container\">\n\t\t\t\t\t\t\t\t\t<p>Die OKR-Methode (Objectives and Key Results) ist wie ein Schl\u00fcssel, der die T\u00fcren zur Leistungssteigerung und Zielerreichung in Unternehmen aufschlie\u00dft. Stell sie dir vor wie die Kompassnadel, die einem Schiff auf hoher See den Weg weist \u2013 sie gibt klare Richtung und Orientierung.<\/p><p>Die OKR-Methode besteht aus zwei Schl\u00fcsselelementen:<\/p><ul><li><span style=\"border: 0px solid #e3e3e3; --tw-border-spacing-x: 0; --tw-border-spacing-y: 0; --tw-translate-x: 0; --tw-translate-y: 0; --tw-rotate: 0; --tw-skew-x: 0; --tw-skew-y: 0; --tw-scale-x: 1; --tw-scale-y: 1; --tw-scroll-snap-strictness: proximity; --tw-ring-offset-width: 0px; --tw-ring-offset-color: #fff; --tw-ring-color: rgba(69,89,164,.5); --tw-ring-offset-shadow: 0 0 transparent; --tw-ring-shadow: 0 0 transparent; --tw-shadow: 0 0 transparent; --tw-shadow-colored: 0 0 transparent; font-weight: 600; color: var(--tw-prose-bold);\">Ziele (Objectives):<\/span> Diese sind wie die Gipfel der h\u00f6chsten Berge, die eine Organisation erklimmen m\u00f6chte. Sie sind nicht nur Ziele, sondern Tr\u00e4ume, die inspirieren und begeistern sollen. Gro\u00df, ehrgeizig und fesselnd. Sie definieren die Vision und den Zweck, der das Unternehmen antreibt.<\/li><li><span style=\"border: 0px solid #e3e3e3; --tw-border-spacing-x: 0; --tw-border-spacing-y: 0; --tw-translate-x: 0; --tw-translate-y: 0; --tw-rotate: 0; --tw-skew-x: 0; --tw-skew-y: 0; --tw-scale-x: 1; --tw-scale-y: 1; --tw-scroll-snap-strictness: proximity; --tw-ring-offset-width: 0px; --tw-ring-offset-color: #fff; --tw-ring-color: rgba(69,89,164,.5); --tw-ring-offset-shadow: 0 0 transparent; --tw-ring-shadow: 0 0 transparent; --tw-shadow: 0 0 transparent; --tw-shadow-colored: 0 0 transparent; font-weight: 600; color: var(--tw-prose-bold);\">Schl\u00fcsselergebnisse (Key Results):<\/span> Hier wird es konkret. Diese sind wie die Wegmarken auf der Route zum Gipfel. Sie messen den Fortschritt und die Performance. Jedes Schl\u00fcsselergebnis ist wie ein Sieg auf dem Weg zum gro\u00dfen Ziel.<\/li><\/ul><p>Die OKR-Methode ist wie ein orchestrales Meisterwerk, bei dem jedes Instrument perfekt harmoniert. Sie f\u00f6rdert Transparenz und Zusammenarbeit, indem sie alle Mitarbeiter auf dieselbe Melodie einschwingen l\u00e4sst.<\/p><p>Urspr\u00fcnglich geboren in den Hallen von Intel in den 1970er Jahren, hat die OKR-Methode seitdem eine epische Reise angetreten. Von den G\u00e4ngen der Tech-Giganten bis hin zu den B\u00fcros der Start-ups \u2013 \u00fcberall hinterl\u00e4sst sie ihre Spuren und verwandelt Visionen in Wirklichkeit.<\/p>\t\t\t\t\t\t\t\t<\/div>\n\t\t\t\t<\/div>\n\t\t\t\t<div class=\"elementor-element elementor-element-0614171 elementor-widget elementor-widget-heading\" data-id=\"0614171\" data-element_type=\"widget\" data-e-type=\"widget\" data-widget_type=\"heading.default\">\n\t\t\t\t<div class=\"elementor-widget-container\">\n\t\t\t\t\t<h2 class=\"elementor-heading-title elementor-size-default\">Die h\u00e4ufigsten Fragen zu Objective &amp; Key Results<\/h2>\t\t\t\t<\/div>\n\t\t\t\t<\/div>\n\t\t\t\t\t<\/div>\n\t\t<\/div>\n\t\t\t\t\t<\/div>\n\t\t<\/section>\n\t\t\t\t<section class=\"elementor-section elementor-top-section elementor-element elementor-element-3814ad91 elementor-section-content-middle elementor-section-height-min-height elementor-section-boxed elementor-section-height-default elementor-section-items-middle\" data-id=\"3814ad91\" data-element_type=\"section\" data-e-type=\"section\" data-settings=\"{&quot;background_background&quot;:&quot;classic&quot;}\">\n\t\t\t\t\t\t<div class=\"elementor-container elementor-column-gap-no\">\n\t\t\t\t\t<div class=\"elementor-column elementor-col-100 elementor-top-column elementor-element elementor-element-72383a21\" data-id=\"72383a21\" data-element_type=\"column\" data-e-type=\"column\">\n\t\t\t<div class=\"elementor-widget-wrap elementor-element-populated\">\n\t\t\t\t\t\t<div class=\"elementor-element elementor-element-837cacf elementor-widget elementor-widget-heading\" data-id=\"837cacf\" data-element_type=\"widget\" data-e-type=\"widget\" data-widget_type=\"heading.default\">\n\t\t\t\t<div class=\"elementor-widget-container\">\n\t\t\t\t\t<h2 class=\"elementor-heading-title elementor-size-default\">Want to get in contact?<\/h2>\t\t\t\t<\/div>\n\t\t\t\t<\/div>\n\t\t\t\t<div class=\"elementor-element elementor-element-73add8c4 elementor-widget elementor-widget-html\" data-id=\"73add8c4\" data-element_type=\"widget\" data-e-type=\"widget\" data-widget_type=\"html.default\">\n\t\t\t\t<div class=\"elementor-widget-container\">\n\t\t\t\t\t\r\n\r\n\r\n    <title>Anfrage Zielfeuer.com<\/title>\r\n\r\n\r\n    <p style=\"color: white\">\r\n        Then get in touch at <a href=\"mailto:office@zielfeuer.com?subject=Anfrage%20okrs.wien\" style=\"background-color: black;padding: 2px 4px;border-radius: 4px;text-decoration: none;color: white\">office@zielfeuer.com<\/a> or arrange a 15-minute introductory call with one of our coaches.\r\n    <\/p>\r\n\r\n\r\n\t\t\t\t<\/div>\n\t\t\t\t<\/div>\n\t\t\t\t\t<\/div>\n\t\t<\/div>\n\t\t\t\t\t<\/div>\n\t\t<\/section>\n\t\t\t\t<\/div>","protected":false},"excerpt":{"rendered":"<p>Was ist die OKR-Methode? Die OKR-Methode (Objectives and Key Results) ist wie ein Schl\u00fcssel, der die T\u00fcren zur Leistungssteigerung und Zielerreichung in Unternehmen aufschlie\u00dft. Stell sie dir vor wie die Kompassnadel, die einem Schiff auf hoher See den Weg weist \u2013 sie gibt klare Richtung und Orientierung. Die OKR-Methode besteht aus zwei Schl\u00fcsselelementen: Ziele (Objectives): [&hellip;]<\/p>","protected":false},"author":1,"featured_media":0,"parent":0,"menu_order":0,"comment_status":"closed","ping_status":"closed","template":"elementor_header_footer","meta":{"footnotes":""},"class_list":["post-133","page","type-page","status-publish","hentry"],"_links":{"self":[{"href":"https:\/\/okrs.wien\/en\/wp-json\/wp\/v2\/pages\/133","targetHints":{"allow":["GET"]}}],"collection":[{"href":"https:\/\/okrs.wien\/en\/wp-json\/wp\/v2\/pages"}],"about":[{"href":"https:\/\/okrs.wien\/en\/wp-json\/wp\/v2\/types\/page"}],"author":[{"embeddable":true,"href":"https:\/\/okrs.wien\/en\/wp-json\/wp\/v2\/users\/1"}],"replies":[{"embeddable":true,"href":"https:\/\/okrs.wien\/en\/wp-json\/wp\/v2\/comments?post=133"}],"version-history":[{"count":10,"href":"https:\/\/okrs.wien\/en\/wp-json\/wp\/v2\/pages\/133\/revisions"}],"predecessor-version":[{"id":433,"href":"https:\/\/okrs.wien\/en\/wp-json\/wp\/v2\/pages\/133\/revisions\/433"}],"wp:attachment":[{"href":"https:\/\/okrs.wien\/en\/wp-json\/wp\/v2\/media?parent=133"}],"curies":[{"name":"wp","href":"https:\/\/api.w.org\/{rel}","templated":true}]}}