{"id":76,"date":"2023-09-21T14:14:54","date_gmt":"2023-09-21T12:14:54","guid":{"rendered":"https:\/\/okrs.wien\/index.php\/okr-kontakt\/"},"modified":"2026-05-05T12:52:54","modified_gmt":"2026-05-05T10:52:54","slug":"okr-kontakt","status":"publish","type":"page","link":"https:\/\/okrs.wien\/en\/okr-kontakt\/","title":{"rendered":"OKR Kontakt"},"content":{"rendered":"<div data-elementor-type=\"wp-page\" data-elementor-id=\"76\" class=\"elementor elementor-76\" data-elementor-settings=\"{&quot;scroll_snap&quot;:&quot;yes&quot;}\" data-elementor-post-type=\"page\">\n\t\t\t\t\t\t<section class=\"elementor-section elementor-top-section elementor-element elementor-element-18fc8a9 elementor-section-boxed elementor-section-height-default elementor-section-height-default\" data-id=\"18fc8a9\" data-element_type=\"section\" data-e-type=\"section\">\n\t\t\t\t\t\t<div class=\"elementor-container elementor-column-gap-default\">\n\t\t\t\t\t<div class=\"elementor-column elementor-col-100 elementor-top-column elementor-element elementor-element-b7abfd0\" data-id=\"b7abfd0\" data-element_type=\"column\" data-e-type=\"column\">\n\t\t\t<div class=\"elementor-widget-wrap elementor-element-populated\">\n\t\t\t\t\t\t<div class=\"elementor-element elementor-element-499ac48 elementor-widget elementor-widget-spacer\" data-id=\"499ac48\" data-element_type=\"widget\" data-e-type=\"widget\" data-widget_type=\"spacer.default\">\n\t\t\t\t<div class=\"elementor-widget-container\">\n\t\t\t\t\t\t\t<div class=\"elementor-spacer\">\n\t\t\t<div class=\"elementor-spacer-inner\"><\/div>\n\t\t<\/div>\n\t\t\t\t\t\t<\/div>\n\t\t\t\t<\/div>\n\t\t\t\t<div class=\"elementor-element elementor-element-73fa502 elementor-widget elementor-widget-image\" data-id=\"73fa502\" data-element_type=\"widget\" data-e-type=\"widget\" data-widget_type=\"image.default\">\n\t\t\t\t<div class=\"elementor-widget-container\">\n\t\t\t\t\t\t\t\t\t\t\t\t\t\t\t<img fetchpriority=\"high\" decoding=\"async\" width=\"768\" height=\"512\" src=\"https:\/\/okrs.wien\/wp-content\/uploads\/2023\/11\/GLJ_8990-768x512.jpg\" class=\"attachment-medium_large size-medium_large wp-image-373\" alt=\"\" srcset=\"https:\/\/okrs.wien\/wp-content\/uploads\/2023\/11\/GLJ_8990-768x512.jpg 768w, https:\/\/okrs.wien\/wp-content\/uploads\/2023\/11\/GLJ_8990-300x200.jpg 300w, https:\/\/okrs.wien\/wp-content\/uploads\/2023\/11\/GLJ_8990-1024x683.jpg 1024w, https:\/\/okrs.wien\/wp-content\/uploads\/2023\/11\/GLJ_8990-1536x1024.jpg 1536w, https:\/\/okrs.wien\/wp-content\/uploads\/2023\/11\/GLJ_8990-2048x1366.jpg 2048w\" sizes=\"(max-width: 768px) 100vw, 768px\" \/>\t\t\t\t\t\t\t\t\t\t\t\t\t\t\t<\/div>\n\t\t\t\t<\/div>\n\t\t\t\t<div class=\"elementor-element elementor-element-3eb7b1f elementor-widget elementor-widget-spacer\" data-id=\"3eb7b1f\" data-element_type=\"widget\" data-e-type=\"widget\" data-widget_type=\"spacer.default\">\n\t\t\t\t<div class=\"elementor-widget-container\">\n\t\t\t\t\t\t\t<div class=\"elementor-spacer\">\n\t\t\t<div class=\"elementor-spacer-inner\"><\/div>\n\t\t<\/div>\n\t\t\t\t\t\t<\/div>\n\t\t\t\t<\/div>\n\t\t\t\t\t<\/div>\n\t\t<\/div>\n\t\t\t\t\t<\/div>\n\t\t<\/section>\n\t\t\t\t<section class=\"elementor-section elementor-top-section elementor-element elementor-element-cbd6f26 elementor-section-boxed elementor-section-height-default elementor-section-height-default\" data-id=\"cbd6f26\" data-element_type=\"section\" data-e-type=\"section\">\n\t\t\t\t\t\t<div class=\"elementor-container elementor-column-gap-default\">\n\t\t\t\t\t<div class=\"elementor-column elementor-col-100 elementor-top-column elementor-element elementor-element-b4cece3\" data-id=\"b4cece3\" data-element_type=\"column\" data-e-type=\"column\">\n\t\t\t<div class=\"elementor-widget-wrap elementor-element-populated\">\n\t\t\t\t\t\t<div class=\"elementor-element elementor-element-57ffca41 elementor-widget elementor-widget-heading\" data-id=\"57ffca41\" data-element_type=\"widget\" data-e-type=\"widget\" data-widget_type=\"heading.default\">\n\t\t\t\t<div class=\"elementor-widget-container\">\n\t\t\t\t\t<h2 class=\"elementor-heading-title elementor-size-default\"><b>Why choose Zielfeuer ?<\/b><\/h2>\t\t\t\t<\/div>\n\t\t\t\t<\/div>\n\t\t\t\t\t<\/div>\n\t\t<\/div>\n\t\t\t\t\t<\/div>\n\t\t<\/section>\n\t\t\t\t<section class=\"elementor-section elementor-top-section elementor-element elementor-element-1464ca4 elementor-section-boxed elementor-section-height-default elementor-section-height-default\" data-id=\"1464ca4\" data-element_type=\"section\" data-e-type=\"section\">\n\t\t\t\t\t\t<div class=\"elementor-container elementor-column-gap-default\">\n\t\t\t\t\t<div class=\"elementor-column elementor-col-25 elementor-top-column elementor-element elementor-element-6b4c0b2\" data-id=\"6b4c0b2\" data-element_type=\"column\" data-e-type=\"column\">\n\t\t\t<div class=\"elementor-widget-wrap elementor-element-populated\">\n\t\t\t\t\t\t<div class=\"elementor-element elementor-element-5ece9ac8 elementor-widget elementor-widget-text-editor\" data-id=\"5ece9ac8\" data-element_type=\"widget\" data-e-type=\"widget\" data-widget_type=\"text-editor.default\">\n\t\t\t\t<div class=\"elementor-widget-container\">\n\t\t\t\t\t\t\t\t\t<p>We can look back on<strong> multi-year experience<\/strong> in the field of OKR.\u00a0<\/p>\t\t\t\t\t\t\t\t<\/div>\n\t\t\t\t<\/div>\n\t\t\t\t\t<\/div>\n\t\t<\/div>\n\t\t\t\t<div class=\"elementor-column elementor-col-25 elementor-top-column elementor-element elementor-element-4c3c44b\" data-id=\"4c3c44b\" data-element_type=\"column\" data-e-type=\"column\">\n\t\t\t<div class=\"elementor-widget-wrap elementor-element-populated\">\n\t\t\t\t\t\t<div class=\"elementor-element elementor-element-2e7fdc4a elementor-widget elementor-widget-text-editor\" data-id=\"2e7fdc4a\" data-element_type=\"widget\" data-e-type=\"widget\" data-widget_type=\"text-editor.default\">\n\t\t\t\t<div class=\"elementor-widget-container\">\n\t\t\t\t\t\t\t\t\t<p class=\"translation-block\">We are<strong> well networked in the international OKR scene<\/strong> and therefore have access to a number of professional resources.<\/p>\t\t\t\t\t\t\t\t<\/div>\n\t\t\t\t<\/div>\n\t\t\t\t\t<\/div>\n\t\t<\/div>\n\t\t\t\t<div class=\"elementor-column elementor-col-25 elementor-top-column elementor-element elementor-element-6e54b1f\" data-id=\"6e54b1f\" data-element_type=\"column\" data-e-type=\"column\">\n\t\t\t<div class=\"elementor-widget-wrap elementor-element-populated\">\n\t\t\t\t\t\t<div class=\"elementor-element elementor-element-55efe34 elementor-widget elementor-widget-text-editor\" data-id=\"55efe34\" data-element_type=\"widget\" data-e-type=\"widget\" data-widget_type=\"text-editor.default\">\n\t\t\t\t<div class=\"elementor-widget-container\">\n\t\t\t\t\t\t\t\t\t<p class=\"translation-block\">With our <strong>dedicated &amp; diverse team<\/strong>, we are equipped for every challenge in your company.<\/p>\t\t\t\t\t\t\t\t<\/div>\n\t\t\t\t<\/div>\n\t\t\t\t\t<\/div>\n\t\t<\/div>\n\t\t\t\t<div class=\"elementor-column elementor-col-25 elementor-top-column elementor-element elementor-element-93b2251\" data-id=\"93b2251\" data-element_type=\"column\" data-e-type=\"column\">\n\t\t\t<div class=\"elementor-widget-wrap elementor-element-populated\">\n\t\t\t\t\t\t<div class=\"elementor-element elementor-element-7403211c elementor-widget elementor-widget-text-editor\" data-id=\"7403211c\" data-element_type=\"widget\" data-e-type=\"widget\" data-widget_type=\"text-editor.default\">\n\t\t\t\t<div class=\"elementor-widget-container\">\n\t\t\t\t\t\t\t\t\t<p class=\"translation-block\">We take time for you and your concerns. This is how we guarantee <strong> individual and personal advice. <\/strong><\/p>\t\t\t\t\t\t\t\t<\/div>\n\t\t\t\t<\/div>\n\t\t\t\t\t<\/div>\n\t\t<\/div>\n\t\t\t\t\t<\/div>\n\t\t<\/section>\n\t\t\t\t<section class=\"elementor-section elementor-top-section elementor-element elementor-element-37af1ce elementor-section-boxed elementor-section-height-default elementor-section-height-default\" data-id=\"37af1ce\" data-element_type=\"section\" data-e-type=\"section\">\n\t\t\t\t\t\t<div class=\"elementor-container elementor-column-gap-default\">\n\t\t\t\t\t<div class=\"elementor-column elementor-col-50 elementor-top-column elementor-element elementor-element-4129d89\" data-id=\"4129d89\" data-element_type=\"column\" data-e-type=\"column\">\n\t\t\t<div class=\"elementor-widget-wrap elementor-element-populated\">\n\t\t\t\t\t\t<div class=\"elementor-element elementor-element-5c1a613 elementor-widget elementor-widget-heading\" data-id=\"5c1a613\" data-element_type=\"widget\" data-e-type=\"widget\" data-widget_type=\"heading.default\">\n\t\t\t\t<div class=\"elementor-widget-container\">\n\t\t\t\t\t<h2 class=\"elementor-heading-title elementor-size-default translation-block\">O<b>ur story<\/b><\/h2>\t\t\t\t<\/div>\n\t\t\t\t<\/div>\n\t\t\t\t<div class=\"elementor-element elementor-element-2443de1 elementor-widget elementor-widget-text-editor\" data-id=\"2443de1\" data-element_type=\"widget\" data-e-type=\"widget\" data-widget_type=\"text-editor.default\">\n\t\t\t\t<div class=\"elementor-widget-container\">\n\t\t\t\t\t\t\t\t\t<p class=\"translation-block\">\u201eA successful company must achieve two things: <br><span style=\"color: var( --e-global-color-text );font-family: var( --e-global-typography-text-font-family ), Sans-serif;font-size: var( --e-global-typography-text-font-size );font-weight: var( --e-global-typography-text-font-weight )\">It needs to know where it wants to be in 5-10 years' time.<\/span><span style=\"color: var( --e-global-color-text );font-family: var( --e-global-typography-text-font-family ), Sans-serif;font-size: var( --e-global-typography-text-font-size );font-weight: var( --e-global-typography-text-font-weight )\">It must clearly define the concrete steps to be taken in the next three months.\u201c<\/span><\/p><p>These words marked the beginning of the introduction of the OKR method in 2016 and kicked off an exciting journey as a business coach. Since then, this goal-setting method has not only been successfully implemented myself, but also successfully applied with various clients.<\/p><p>With great passion for the topic, the step was finally taken in 2021 to found a new company that focuses, among other things, on expanding the \"OKRs.wien\" brand. With a motivated team and as an official Global Partner of okrs.com \/ Ben Lamorte, we are now ready to support fast-growing companies on their journey in the best possible way.<\/p>\t\t\t\t\t\t\t\t<\/div>\n\t\t\t\t<\/div>\n\t\t\t\t<div class=\"elementor-element elementor-element-4d5b5fae elementor-position-top elementor-widget elementor-widget-image-box\" data-id=\"4d5b5fae\" data-element_type=\"widget\" data-e-type=\"widget\" data-widget_type=\"image-box.default\">\n\t\t\t\t<div class=\"elementor-widget-container\">\n\t\t\t\t\t<div class=\"elementor-image-box-wrapper\"><figure class=\"elementor-image-box-img\"><a href=\"#\" tabindex=\"-1\"><img decoding=\"async\" width=\"1200\" height=\"1200\" src=\"https:\/\/okrs.wien\/wp-content\/uploads\/2023\/10\/29.jpg\" class=\"elementor-animation-grow attachment-full size-full wp-image-320\" alt=\"\" srcset=\"https:\/\/okrs.wien\/wp-content\/uploads\/2023\/10\/29.jpg 1200w, https:\/\/okrs.wien\/wp-content\/uploads\/2023\/10\/29-300x300.jpg 300w, https:\/\/okrs.wien\/wp-content\/uploads\/2023\/10\/29-1024x1024.jpg 1024w, https:\/\/okrs.wien\/wp-content\/uploads\/2023\/10\/29-150x150.jpg 150w, https:\/\/okrs.wien\/wp-content\/uploads\/2023\/10\/29-768x768.jpg 768w\" sizes=\"(max-width: 1200px) 100vw, 1200px\" \/><\/a><\/figure><div class=\"elementor-image-box-content\"><h4 class=\"elementor-image-box-title\"><a href=\"#\">Steadily growing<\/a><\/h4><p class=\"elementor-image-box-description\">2022 entstand nach langj\u00e4hriger Erfahrung und erfolgreichen Aufbau einer 15-k\u00f6pfigen Consulting-Firma das neue Unternehmen: Zielfeuer. Zielfeuer Consulting spezialisiert sich seither unter anderem auf OKRs &amp; ist Eigent\u00fcmer der Marke okrs.wien. <\/p><\/div><\/div>\t\t\t\t<\/div>\n\t\t\t\t<\/div>\n\t\t\t\t<div class=\"elementor-element elementor-element-fdefeb1 elementor-position-top elementor-widget elementor-widget-image-box\" data-id=\"fdefeb1\" data-element_type=\"widget\" data-e-type=\"widget\" data-widget_type=\"image-box.default\">\n\t\t\t\t<div class=\"elementor-widget-container\">\n\t\t\t\t\t<div class=\"elementor-image-box-wrapper\"><figure class=\"elementor-image-box-img\"><a href=\"\" target=\"_blank\" tabindex=\"-1\"><img decoding=\"async\" width=\"1200\" height=\"1200\" src=\"https:\/\/okrs.wien\/wp-content\/uploads\/2023\/10\/30.jpg\" class=\"elementor-animation-grow attachment-full size-full wp-image-321\" alt=\"\" srcset=\"https:\/\/okrs.wien\/wp-content\/uploads\/2023\/10\/30.jpg 1200w, https:\/\/okrs.wien\/wp-content\/uploads\/2023\/10\/30-300x300.jpg 300w, https:\/\/okrs.wien\/wp-content\/uploads\/2023\/10\/30-1024x1024.jpg 1024w, https:\/\/okrs.wien\/wp-content\/uploads\/2023\/10\/30-150x150.jpg 150w, https:\/\/okrs.wien\/wp-content\/uploads\/2023\/10\/30-768x768.jpg 768w\" sizes=\"(max-width: 1200px) 100vw, 1200px\" \/><\/a><\/figure><div class=\"elementor-image-box-content\"><h4 class=\"elementor-image-box-title\"><a href=\"\" target=\"_blank\">Global Partner of Ben Lamorte<\/a><\/h4><p class=\"elementor-image-box-description\">We are particularly pleased that our founder Christian Rois has recently been listed as an official partner of okrs.com and can therefore draw on a broad international network when working with customers.<\/p><\/div><\/div>\t\t\t\t<\/div>\n\t\t\t\t<\/div>\n\t\t\t\t<div class=\"elementor-element elementor-element-9e87582 elementor-widget elementor-widget-text-editor\" data-id=\"9e87582\" data-element_type=\"widget\" data-e-type=\"widget\" data-widget_type=\"text-editor.default\">\n\t\t\t\t<div class=\"elementor-widget-container\">\n\t\t\t\t\t\t\t\t\t<p>Hier ein Link zur Website:<\/p><p><a href=\"https:\/\/okrs.com\/project\/christian-rois-austria\/\">https:\/\/okrs.com\/project\/christian-rois-austria\/<\/a><\/p><p>\u00a0<\/p><p>\u00a0<\/p><p>\u00a0<\/p><p>\u00a0<\/p><p>\u00a0<\/p><p>\u00a0<\/p><p>\u00a0<\/p><p>\u00a0<\/p><p>\u00a0<\/p><p>\u00a0<\/p><p>\u00a0<\/p>\t\t\t\t\t\t\t\t<\/div>\n\t\t\t\t<\/div>\n\t\t\t\t\t<\/div>\n\t\t<\/div>\n\t\t\t\t<div class=\"elementor-column elementor-col-50 elementor-top-column elementor-element elementor-element-1d8f1f8\" data-id=\"1d8f1f8\" data-element_type=\"column\" data-e-type=\"column\">\n\t\t\t<div class=\"elementor-widget-wrap elementor-element-populated\">\n\t\t\t\t\t\t<div class=\"elementor-element elementor-element-1873f154 elementor-position-top elementor-widget elementor-widget-image-box\" data-id=\"1873f154\" data-element_type=\"widget\" data-e-type=\"widget\" data-widget_type=\"image-box.default\">\n\t\t\t\t<div class=\"elementor-widget-container\">\n\t\t\t\t\t<div class=\"elementor-image-box-wrapper\"><figure class=\"elementor-image-box-img\"><a href=\"#\" tabindex=\"-1\"><img loading=\"lazy\" decoding=\"async\" width=\"1536\" height=\"1588\" src=\"https:\/\/okrs.wien\/wp-content\/uploads\/2023\/09\/IMG_8783-1.jpeg\" class=\"elementor-animation-grow attachment-full size-full wp-image-78\" alt=\"\" srcset=\"https:\/\/okrs.wien\/wp-content\/uploads\/2023\/09\/IMG_8783-1.jpeg 1536w, https:\/\/okrs.wien\/wp-content\/uploads\/2023\/09\/IMG_8783-1-290x300.jpeg 290w, https:\/\/okrs.wien\/wp-content\/uploads\/2023\/09\/IMG_8783-1-990x1024.jpeg 990w, https:\/\/okrs.wien\/wp-content\/uploads\/2023\/09\/IMG_8783-1-768x794.jpeg 768w, https:\/\/okrs.wien\/wp-content\/uploads\/2023\/09\/IMG_8783-1-1486x1536.jpeg 1486w\" sizes=\"(max-width: 1536px) 100vw, 1536px\" \/><\/a><\/figure><div class=\"elementor-image-box-content\"><h4 class=\"elementor-image-box-title\"><a href=\"#\">It all began in 2016<\/a><\/h4><p class=\"elementor-image-box-description\">Our first contact with Objectives &amp; Key Results (OKR) was in 2016, after a customer enthusiastically drew our attention to it. Since then, we have implemented it ourselves in the company and perfected it over the years. <\/p><\/div><\/div>\t\t\t\t<\/div>\n\t\t\t\t<\/div>\n\t\t\t\t<div class=\"elementor-element elementor-element-2813b55b elementor-position-top elementor-widget elementor-widget-image-box\" data-id=\"2813b55b\" data-element_type=\"widget\" data-e-type=\"widget\" data-widget_type=\"image-box.default\">\n\t\t\t\t<div class=\"elementor-widget-container\">\n\t\t\t\t\t<div class=\"elementor-image-box-wrapper\"><figure class=\"elementor-image-box-img\"><a href=\"#\" tabindex=\"-1\"><img loading=\"lazy\" decoding=\"async\" width=\"960\" height=\"720\" src=\"https:\/\/okrs.wien\/wp-content\/uploads\/2023\/10\/79331354_10156779183662006_6118248460102664192_n.jpg\" class=\"elementor-animation-grow attachment-full size-full wp-image-322\" alt=\"\" srcset=\"https:\/\/okrs.wien\/wp-content\/uploads\/2023\/10\/79331354_10156779183662006_6118248460102664192_n.jpg 960w, https:\/\/okrs.wien\/wp-content\/uploads\/2023\/10\/79331354_10156779183662006_6118248460102664192_n-300x225.jpg 300w, https:\/\/okrs.wien\/wp-content\/uploads\/2023\/10\/79331354_10156779183662006_6118248460102664192_n-768x576.jpg 768w\" sizes=\"(max-width: 960px) 100vw, 960px\" \/><\/a><\/figure><div class=\"elementor-image-box-content\"><h4 class=\"elementor-image-box-title\"><a href=\"#\">OKR Workshop with Workpath<\/a><\/h4><p class=\"elementor-image-box-description\">After initial contact with OKRs, our founder Christian began to train intensively as an OKR expert. One of the highlights was an OKR seminar organized by Workpath in Munich. <\/p><\/div><\/div>\t\t\t\t<\/div>\n\t\t\t\t<\/div>\n\t\t\t\t\t<\/div>\n\t\t<\/div>\n\t\t\t\t\t<\/div>\n\t\t<\/section>\n\t\t\t\t<section class=\"elementor-section elementor-top-section elementor-element elementor-element-43c8912e elementor-section-content-middle elementor-section-height-min-height elementor-section-boxed elementor-section-height-default elementor-section-items-middle\" data-id=\"43c8912e\" data-element_type=\"section\" data-e-type=\"section\" data-settings=\"{&quot;background_background&quot;:&quot;classic&quot;}\">\n\t\t\t\t\t\t<div class=\"elementor-container elementor-column-gap-no\">\n\t\t\t\t\t<div class=\"elementor-column elementor-col-100 elementor-top-column elementor-element elementor-element-3b3ce1fe\" data-id=\"3b3ce1fe\" data-element_type=\"column\" data-e-type=\"column\">\n\t\t\t<div class=\"elementor-widget-wrap elementor-element-populated\">\n\t\t\t\t\t\t<div class=\"elementor-element elementor-element-444d1be2 elementor-widget elementor-widget-heading\" data-id=\"444d1be2\" data-element_type=\"widget\" data-e-type=\"widget\" data-widget_type=\"heading.default\">\n\t\t\t\t<div class=\"elementor-widget-container\">\n\t\t\t\t\t<h2 class=\"elementor-heading-title elementor-size-default\">Want to get in contact?<\/h2>\t\t\t\t<\/div>\n\t\t\t\t<\/div>\n\t\t\t\t<div class=\"elementor-element elementor-element-2c682a66 elementor-widget elementor-widget-html\" data-id=\"2c682a66\" data-element_type=\"widget\" data-e-type=\"widget\" data-widget_type=\"html.default\">\n\t\t\t\t<div class=\"elementor-widget-container\">\n\t\t\t\t\t\r\n\r\n\r\n    <title>Anfrage Zielfeuer.com<\/title>\r\n\r\n\r\n    <p style=\"color: white\">\r\n        Then get in touch at <a href=\"mailto:office@zielfeuer.com?subject=Anfrage%20okrs.wien\" style=\"background-color: black;padding: 2px 4px;border-radius: 4px;text-decoration: none;color: white\">office@zielfeuer.com<\/a> or arrange a 15-minute introductory call with one of our coaches.\r\n    <\/p>\r\n\r\n\r\n\t\t\t\t<\/div>\n\t\t\t\t<\/div>\n\t\t\t\t\t<\/div>\n\t\t<\/div>\n\t\t\t\t\t<\/div>\n\t\t<\/section>\n\t\t\t\t<\/div>","protected":false},"excerpt":{"rendered":"<p>Wieso Zielfeuer w\u00e4hlen? Wir k\u00f6nnen auf eine langj\u00e4hrige Erfahrung im Bereich OKR zur\u00fcckblicken.\u00a0 Wir sind gut vernetzt in der internationalen OKR Szene und k\u00f6nnen dadurch auf etliche professionelle Ressourcen zugreifen.\u00a0 Mit unserem engagierten &amp; diversen Team sind f\u00fcr jede Herausforderung in deinem Unternehmen gewappnet.\u00a0 Wir nehmen uns Zeit f\u00fcr dich und deine Anliegen. Dadurch garantieren [&hellip;]<\/p>","protected":false},"author":1,"featured_media":0,"parent":0,"menu_order":0,"comment_status":"closed","ping_status":"closed","template":"","meta":{"footnotes":""},"class_list":["post-76","page","type-page","status-publish","hentry"],"_links":{"self":[{"href":"https:\/\/okrs.wien\/en\/wp-json\/wp\/v2\/pages\/76","targetHints":{"allow":["GET"]}}],"collection":[{"href":"https:\/\/okrs.wien\/en\/wp-json\/wp\/v2\/pages"}],"about":[{"href":"https:\/\/okrs.wien\/en\/wp-json\/wp\/v2\/types\/page"}],"author":[{"embeddable":true,"href":"https:\/\/okrs.wien\/en\/wp-json\/wp\/v2\/users\/1"}],"replies":[{"embeddable":true,"href":"https:\/\/okrs.wien\/en\/wp-json\/wp\/v2\/comments?post=76"}],"version-history":[{"count":29,"href":"https:\/\/okrs.wien\/en\/wp-json\/wp\/v2\/pages\/76\/revisions"}],"predecessor-version":[{"id":442,"href":"https:\/\/okrs.wien\/en\/wp-json\/wp\/v2\/pages\/76\/revisions\/442"}],"wp:attachment":[{"href":"https:\/\/okrs.wien\/en\/wp-json\/wp\/v2\/media?parent=76"}],"curies":[{"name":"wp","href":"https:\/\/api.w.org\/{rel}","templated":true}]}}